{"id":14,"date":"2026-03-17T12:07:12","date_gmt":"2026-03-17T12:07:12","guid":{"rendered":"https:\/\/prescriptionpognon.com\/index.php\/mesmerize\/"},"modified":"2026-03-17T13:04:57","modified_gmt":"2026-03-17T13:04:57","slug":"mesmerize","status":"publish","type":"page","link":"https:\/\/prescriptionpognon.com\/","title":{"rendered":"prescriptionpognon"},"content":{"rendered":"<div  id=\"content-13\" style=\"background-color: #f5fafd;\" data-label=\"Content\" data-id=\"content-2\" data-export-id=\"content-2\" data-category=\"content\" class=\"content-2 content-section content-section-spacing\"><div > <div  class=\"row middle-xs\"><div  class=\"col-sm-5 bg-image shadow-large-black\" data-bg=\"image\" style=\"background-image: url(&quot;https:\/\/prescriptionpognon.com\/wp-content\/uploads\/2026\/03\/fr5.png&quot;);\"><\/div> <div  class=\"col-sm-7 full-col-left-padding full-col-right-padding\"> <div  class=\"row\"> <div  data-type=\"column\" class=\"space-bottom-small content-title-col\">  <h2  class=\"\"><img  decoding=\"async\" draggable=\"false\" role=\"img\" class=\"emoji\" alt=\"\ud83c\udfaf\" src=\"https:\/\/s.w.org\/images\/core\/emoji\/17.0.2\/svg\/1f3af.svg\"> Profitez de vos chances en toute conscience.<\/h2> <p  class=\"\">Un taux de gain de 98 % lors des cinq premiers d\u00e9p\u00f4ts offre aux nouveaux joueurs des conditions de d\u00e9part exceptionnellement favorables. Ainsi, vous pouvez jouer d\u00e8s le d\u00e9but avec une strat\u00e9gie claire, et non au hasard.<br ><br >Notre exp\u00e9rience montre que les utilisateurs qui suivent nos recommandations et utilisent sp\u00e9cifiquement les jeux que nous avons s\u00e9lectionn\u00e9s r\u00e9alisent les gains les plus \u00e9lev\u00e9s. Ce qui compte \u00e9galement, c\u2019est un d\u00e9p\u00f4t initial compris entre 40 \u20ac et 100 \u20ac \u2013 dans cette fourchette, des bonus de bienvenue attractifs ainsi que des jackpots plus importants sont d\u00e9bloqu\u00e9s.<br ><br >Les retraits sont rapides et simples \u2013 directement sur votre compte bancaire ou en cryptomonnaies. <img  decoding=\"async\" draggable=\"false\" role=\"img\" class=\"emoji\" alt=\"\ud83c\udfae\" src=\"https:\/\/s.w.org\/images\/core\/emoji\/17.0.2\/svg\/1f3ae.svg\">&nbsp;<\/p><\/div> <\/div> <div  class=\"row spaced-cols \" data-type=\"row\"> <div  class=\"col-xs-6\" data-type=\"column\"> <h5  class=\"\"><\/h5> <\/div>    <\/div><\/div> <\/div><\/div> <\/div><div  id=\"cta-1\" data-label=\"Cta\" data-id=\"cta-blue-section\" data-export-id=\"cta-blue-section\" data-category=\"cta\" class=\"cta-blue-section content-section content-section-spacing-medium bg-color1 white-text\"><div  class=\"gridContainer\"> <div  class=\"row middle-xs\"><div  class=\"col-sm-8 space-bottom-xs\" data-type=\"column\"> <h2  class=\"\">Rejoins-nous ! Une minute suffit.<\/h2> <\/div> <div  class=\"col-sm-4 end-sm\" data-type=\"column\"> <a  class=\"button color2\" href=\"https:\/\/google.com\" target=\"_self\" data-cp-link=\"1\"> JOUER MAINTENANT <\/a><\/div> <\/div><\/div> <\/div><div  data-label=\"Features\" data-id=\"features--1\" data-export-id=\"features-16\" data-category=\"features\" class=\"features-16 content-section content-section-spacing\" id=\"features-1\" style=\"background-color: rgb(255, 255, 255);\"><div  class=\"gridContainer\"> <div  class=\"row text-center\"><div  class=\"section-title-col\" data-type=\"column\">  <p  class=\"lead\"><img  decoding=\"async\" draggable=\"false\" role=\"img\" class=\"emoji\" alt=\"\ud83d\udcdd\" src=\"https:\/\/s.w.org\/images\/core\/emoji\/17.0.2\/svg\/1f4dd.svg\"> Guide pour les nouveaux joueurs sur PrescriptionPognon:<br ><br >1. Inscrivez-vous et commencez<br >Cr\u00e9ez votre compte en quelques instants et acc\u00e9dez imm\u00e9diatement \u00e0 nos jeux recommand\u00e9s.<br ><br >2. Effectuez un d\u00e9p\u00f4t et s\u00e9curisez vos bonus<br >Avec un d\u00e9p\u00f4t compris entre 40 \u20ac et 100 \u20ac, vous d\u00e9bloquez votre pack de bienvenue, des fonctions bonus attrayantes et des chances de jackpot \u00e9largies.<br ><br >3. Jouez et demandez vos gains<br >Commencez \u00e0 jouer, saisissez vos chances et faites-vous payer vos gains confortablement sur votre compte bancaire, via PayPal ou en cryptomonnaies.\n<br ><br >Jeux recommand\u00e9s :<br >The Dog House, Ramses Book, Sugar Rush<br ><br ><img  decoding=\"async\" draggable=\"false\" role=\"img\" class=\"emoji\" alt=\"\ud83d\ude80\" src=\"https:\/\/s.w.org\/images\/core\/emoji\/17.0.2\/svg\/1f680.svg\"> Pourquoi choisir PrescriptionPognon ?<br >Vous voulez faire passer votre jeu au niveau sup\u00e9rieur et profiter de r\u00e9elles chances de gagner ? Alors PrescriptionPognon est le choix id\u00e9al pour vous. Notre plateforme se concentre sur des jeux s\u00e9lectionn\u00e9s avec un potentiel de jackpot particuli\u00e8rement \u00e9lev\u00e9 et des recommandations claires pour les nouveaux joueurs.<br ><br >De nombreux utilisateurs rapportent qu\u2019ils tombent sur des tours de jackpot attractifs d\u00e8s leurs cinq premiers d\u00e9p\u00f4ts. C\u2019est surtout au d\u00e9but que les chances sont les meilleures de profiter de bonus puissants et de m\u00e9caniques de jeu lucratives. Cela garantit non seulement du suspense, mais peut aussi entra\u00eener une croissance rapide de votre solde.<br ><br >Important : Suivez rigoureusement les jeux et strat\u00e9gies recommand\u00e9s par PrescriptionPognon. Les nouveaux utilisateurs sont souvent attir\u00e9s par les gros jackpots au cours des cinq premiers d\u00e9p\u00f4ts \u2013 c\u2019est l\u00e0 que se trouve le plus grand potentiel, si vous agissez de mani\u00e8re structur\u00e9e et conform\u00e9ment aux recommandations.<\/p><\/div> <\/div> <div  class=\"row spaced-cols\" data-type=\"row\"> <div  class=\"col-xs-12 col-sm-6 col-md-4 space-bottom\">  <div  data-type=\"column\" class=\"col-padding-small col-padding-small-xs description-container\"> <h4  class=\"font-500\"><\/h4>  <\/div> <\/div>  <\/div> <\/div><\/div>","protected":false},"excerpt":{"rendered":"<p>Profitez de vos chances en toute conscience. Un taux de gain de 98 % lors des cinq premiers d\u00e9p\u00f4ts offre aux nouveaux joueurs des conditions de d\u00e9part exceptionnellement favorables. Ainsi, vous pouvez jouer d\u00e8s le d\u00e9but avec une strat\u00e9gie claire, et non au hasard.Notre exp\u00e9rience montre que les utilisateurs qui suivent nos recommandations et utilisent&hellip; <br \/> <a class=\"read-more\" href=\"https:\/\/prescriptionpognon.com\/\">Read more<\/a><\/p>\n","protected":false},"author":1,"featured_media":0,"parent":0,"menu_order":0,"comment_status":"closed","ping_status":"closed","template":"page-templates\/homepage.php","meta":{"footnotes":""},"class_list":["post-14","page","type-page","status-publish","hentry"],"_links":{"self":[{"href":"https:\/\/prescriptionpognon.com\/index.php\/wp-json\/wp\/v2\/pages\/14","targetHints":{"allow":["GET"]}}],"collection":[{"href":"https:\/\/prescriptionpognon.com\/index.php\/wp-json\/wp\/v2\/pages"}],"about":[{"href":"https:\/\/prescriptionpognon.com\/index.php\/wp-json\/wp\/v2\/types\/page"}],"author":[{"embeddable":true,"href":"https:\/\/prescriptionpognon.com\/index.php\/wp-json\/wp\/v2\/users\/1"}],"replies":[{"embeddable":true,"href":"https:\/\/prescriptionpognon.com\/index.php\/wp-json\/wp\/v2\/comments?post=14"}],"version-history":[{"count":15,"href":"https:\/\/prescriptionpognon.com\/index.php\/wp-json\/wp\/v2\/pages\/14\/revisions"}],"predecessor-version":[{"id":72,"href":"https:\/\/prescriptionpognon.com\/index.php\/wp-json\/wp\/v2\/pages\/14\/revisions\/72"}],"wp:attachment":[{"href":"https:\/\/prescriptionpognon.com\/index.php\/wp-json\/wp\/v2\/media?parent=14"}],"curies":[{"name":"wp","href":"https:\/\/api.w.org\/{rel}","templated":true}]}}